{"id":109,"date":"2021-11-12T09:57:38","date_gmt":"2021-11-12T08:57:38","guid":{"rendered":"https:\/\/etts.cz\/?page_id=109"},"modified":"2021-11-12T09:58:20","modified_gmt":"2021-11-12T08:58:20","slug":"guetertransporte","status":"publish","type":"page","link":"https:\/\/etts.cz\/de\/guetertransporte\/","title":{"rendered":"G\u00dcTERTRANSPORTE"},"content":{"rendered":"<h1>G\u00fctertransporte<\/h1>\n<p>Wir besorgen die gesamte Bef\u00f6rderung Ihrer Waren, ohne dass Sie sich irgend welche Sorgen machen m\u00fcssen \u2013\u00a0<strong>Sie geben den Auftrag auf \u2013 Wir wickeln ihn ab!<\/strong><\/p>\n<p>Wir sind ein tschechisches Eisenbahnverkehrsunternehmen im Besitz der einheitlichen Sicherheitsbescheinigung sowie der Sicherheitsbescheinigung f\u00fcr Gefahrgutbef\u00f6rderung laut der Regelung zur Ordnung f\u00fcr die internationale Eisenbahnbef\u00f6rderung gef\u00e4hrlicher G\u00fcter (RID).<\/p>\n<p>Doch enden die von uns ausgef\u00fchrten Bef\u00f6rderungen an der Grenze der Tschechischen Republik nicht &#8211; in Zusammenarbeit mit unseren Partnern werden sie europaweit &#8211; und im Bedarfsfalle noch weiter &#8211; ausgef\u00fchrt.<\/p>\n<p><strong>Der G\u00fcterverkehr auf der Eisenbahn sowie Kombiverkehr stellen den Schwerpunkt unserer T\u00e4tigkeit dar.<\/strong><\/p>\n<p>In unserem Angebot finden Sie einen komplexen Service f\u00fcr die Bef\u00f6rderung Ihrer Waren samt innovativer L\u00f6sungen, mit informeller Atmosph\u00e4re unserer dynamischen Gesellschaft gepaart.<\/p>\n<p>Wir stehen immer gerne Rede und Antwort, wenn Sie n\u00e4here Auskunft ben\u00f6tigen.<\/p>\n<p>&nbsp;<\/p>\n","protected":false},"excerpt":{"rendered":"<p>G\u00fctertransporte Wir besorgen die gesamte Bef\u00f6rderung Ihrer Waren, ohne dass Sie sich irgend welche Sorgen machen m\u00fcssen \u2013\u00a0Sie geben den Auftrag auf \u2013 Wir wickeln ihn ab! Wir sind ein tschechisches Eisenbahnverkehrsunternehmen im Besitz der einheitlichen Sicherheitsbescheinigung sowie der Sicherheitsbescheinigung f\u00fcr Gefahrgutbef\u00f6rderung laut der Regelung zur Ordnung f\u00fcr die internationale Eisenbahnbef\u00f6rderung gef\u00e4hrlicher G\u00fcter (RID). Doch [&hellip;]<\/p>\n","protected":false},"author":1,"featured_media":0,"parent":0,"menu_order":0,"comment_status":"closed","ping_status":"closed","template":"","meta":{"footnotes":""},"class_list":["post-109","page","type-page","status-publish","hentry"],"_links":{"self":[{"href":"https:\/\/etts.cz\/de\/wp-json\/wp\/v2\/pages\/109","targetHints":{"allow":["GET"]}}],"collection":[{"href":"https:\/\/etts.cz\/de\/wp-json\/wp\/v2\/pages"}],"about":[{"href":"https:\/\/etts.cz\/de\/wp-json\/wp\/v2\/types\/page"}],"author":[{"embeddable":true,"href":"https:\/\/etts.cz\/de\/wp-json\/wp\/v2\/users\/1"}],"replies":[{"embeddable":true,"href":"https:\/\/etts.cz\/de\/wp-json\/wp\/v2\/comments?post=109"}],"version-history":[{"count":2,"href":"https:\/\/etts.cz\/de\/wp-json\/wp\/v2\/pages\/109\/revisions"}],"predecessor-version":[{"id":112,"href":"https:\/\/etts.cz\/de\/wp-json\/wp\/v2\/pages\/109\/revisions\/112"}],"wp:attachment":[{"href":"https:\/\/etts.cz\/de\/wp-json\/wp\/v2\/media?parent=109"}],"curies":[{"name":"wp","href":"https:\/\/api.w.org\/{rel}","templated":true}]}}