{"id":113,"date":"2021-11-12T10:01:14","date_gmt":"2021-11-12T09:01:14","guid":{"rendered":"https:\/\/etts.cz\/?page_id=113"},"modified":"2021-11-12T10:01:40","modified_gmt":"2021-11-12T09:01:40","slug":"betreiben-von-anschlussbahnen","status":"publish","type":"page","link":"https:\/\/etts.cz\/de\/betreiben-von-anschlussbahnen\/","title":{"rendered":"Betreiben von Anschlussbahnen"},"content":{"rendered":"<h1>Betreiben von Anschlussbahnen<\/h1>\n<p><strong>Wir \u00fcbernehmen gern die Sorge f\u00fcr Ihre Anschlussbahn, den Betrieb auf ihr sowie Instandhaltung!<\/strong><\/p>\n<p>In Sachen Betrieb von Anschlussbahnen bieten wir einen komplexen, alle Vorgaben nach dem Gesetz Nr. 266\/1994 d. Slg. (Bahnen-Gesetz) sowie dazu erlassenen Verordnungen i. d. g. F. erf\u00fcllenden Service an. Wir besorgen nicht nur den eigentlichen Verkehrsbetrieb auf der Anschlussbahn, sondern auch s\u00e4mtliche Regelwerks- und Verwaltungsagenda, \u00dcberwachungs-, Instandhaltungs- sowie Aufsichtst\u00e4tigkeiten, Ausbildung der Mitarbeiter im Betrieb der Anschlussbahn sowie Beratung beim Projektieren neuer Anschlussbahnen.<\/p>\n<p>Wenden Sie sich an uns ohne Weiteres, wir werden f\u00fcr Sie gerne ein ma\u00dfgeschneidertes Angebot zusammenstellen.<\/p>\n","protected":false},"excerpt":{"rendered":"<p>Betreiben von Anschlussbahnen Wir \u00fcbernehmen gern die Sorge f\u00fcr Ihre Anschlussbahn, den Betrieb auf ihr sowie Instandhaltung! In Sachen Betrieb von Anschlussbahnen bieten wir einen komplexen, alle Vorgaben nach dem Gesetz Nr. 266\/1994 d. Slg. (Bahnen-Gesetz) sowie dazu erlassenen Verordnungen i. d. g. F. erf\u00fcllenden Service an. Wir besorgen nicht nur den eigentlichen Verkehrsbetrieb auf [&hellip;]<\/p>\n","protected":false},"author":1,"featured_media":0,"parent":0,"menu_order":0,"comment_status":"closed","ping_status":"closed","template":"","meta":{"footnotes":""},"class_list":["post-113","page","type-page","status-publish","hentry"],"_links":{"self":[{"href":"https:\/\/etts.cz\/de\/wp-json\/wp\/v2\/pages\/113","targetHints":{"allow":["GET"]}}],"collection":[{"href":"https:\/\/etts.cz\/de\/wp-json\/wp\/v2\/pages"}],"about":[{"href":"https:\/\/etts.cz\/de\/wp-json\/wp\/v2\/types\/page"}],"author":[{"embeddable":true,"href":"https:\/\/etts.cz\/de\/wp-json\/wp\/v2\/users\/1"}],"replies":[{"embeddable":true,"href":"https:\/\/etts.cz\/de\/wp-json\/wp\/v2\/comments?post=113"}],"version-history":[{"count":1,"href":"https:\/\/etts.cz\/de\/wp-json\/wp\/v2\/pages\/113\/revisions"}],"predecessor-version":[{"id":129,"href":"https:\/\/etts.cz\/de\/wp-json\/wp\/v2\/pages\/113\/revisions\/129"}],"wp:attachment":[{"href":"https:\/\/etts.cz\/de\/wp-json\/wp\/v2\/media?parent=113"}],"curies":[{"name":"wp","href":"https:\/\/api.w.org\/{rel}","templated":true}]}}