{"id":130,"date":"2021-11-12T10:03:30","date_gmt":"2021-11-12T09:03:30","guid":{"rendered":"https:\/\/etts.cz\/?page_id=130"},"modified":"2021-11-12T10:46:57","modified_gmt":"2021-11-12T09:46:57","slug":"beratung-regelwerk-und-rechtsvorschriften","status":"publish","type":"page","link":"https:\/\/etts.cz\/de\/beratung-regelwerk-und-rechtsvorschriften\/","title":{"rendered":"Beratung, Regelwerk und Rechtsvorschriften"},"content":{"rendered":"<h1>Beratung, Regelwerk und Rechtsvorschriften<\/h1>\n<p>Wir sind im Stande, f\u00fcr Sie s\u00e4mtliches Regelwerk zu erstellen und Ihnen zu helfen, bei Ihrem Orientierungslauf durch die Welt der Eisenbahnvorschriften doch das Ziel zu finden!<\/p>\n<p>Den Eisenbahnverkehr zu betreiben bedeutet nicht nur Triebfahrzeuge zu besitzen und zu fahren. Dar\u00fcber hinaus ist es eine vielschichtige Gesamtheit von mannigfaltigen verwaltungsm\u00e4\u00dfigen Vorgaben und Sicherheitsstandards.<\/p>\n<p>Im Bereich Regelwerk im Eisenbahnverkehr haben wir praktische Erfahrung und sind im Stande, sie l\u00fcckenlos zu beraten. Unsere Gesellschaft wurde zu einer der ersten, die die einheitliche Sicherheitsbescheinigung nach der Methodik der ERA (Europ\u00e4ische Eisenbahn-Agentur) erworben hat.<\/p>\n<h2>Womit k\u00f6nnen wir Ihnen helfen?<\/h2>\n<p><strong>Wir erkl\u00e4ren Ihnen das fachspezifische Regelwerk<\/strong><\/p>\n<p>Auf eine verst\u00e4ndliche Weise erkl\u00e4ren wir Ihnen die bahnspezifischen Gesetze, Verordnungen, Verf\u00fcgungen und Anordnungen, gemeinsam besprechen wir und stellen Vorg\u00e4nge und Strukturen den Bed\u00fcrfnissen Ihrer Gesellschaft gem\u00e4\u00df ein. Wir beurteilen das Ma\u00df der Erf\u00fcllung der Vorgaben einschl\u00e4gigen Regelwerks und schlagen eine geeignete L\u00f6sung vor, die festgestellten Ungereimtheiten zu beseitigen.<\/p>\n<p><strong>Die Verwaltung der Unterlagen zu den Schienenfahrzeugen<\/strong><\/p>\n<p>Wir sind bereit, die gesamten Unterlagen zu Ihren Schienenfahrzeugen zu verwalten, s\u00e4mtliche technischen Pr\u00fcfungen, Nachschauten und Untersuchungen zu besorgen und zu kontrollieren.<\/p>\n<p>F\u00fcr n\u00e4here Auskunft wenden Sie sich bitte gef\u00e4lligst an uns.<\/p>\n","protected":false},"excerpt":{"rendered":"<p>Beratung, Regelwerk und Rechtsvorschriften Wir sind im Stande, f\u00fcr Sie s\u00e4mtliches Regelwerk zu erstellen und Ihnen zu helfen, bei Ihrem Orientierungslauf durch die Welt der Eisenbahnvorschriften doch das Ziel zu finden! Den Eisenbahnverkehr zu betreiben bedeutet nicht nur Triebfahrzeuge zu besitzen und zu fahren. Dar\u00fcber hinaus ist es eine vielschichtige Gesamtheit von mannigfaltigen verwaltungsm\u00e4\u00dfigen Vorgaben [&hellip;]<\/p>\n","protected":false},"author":1,"featured_media":0,"parent":0,"menu_order":0,"comment_status":"closed","ping_status":"closed","template":"","meta":{"footnotes":""},"class_list":["post-130","page","type-page","status-publish","hentry"],"_links":{"self":[{"href":"https:\/\/etts.cz\/de\/wp-json\/wp\/v2\/pages\/130","targetHints":{"allow":["GET"]}}],"collection":[{"href":"https:\/\/etts.cz\/de\/wp-json\/wp\/v2\/pages"}],"about":[{"href":"https:\/\/etts.cz\/de\/wp-json\/wp\/v2\/types\/page"}],"author":[{"embeddable":true,"href":"https:\/\/etts.cz\/de\/wp-json\/wp\/v2\/users\/1"}],"replies":[{"embeddable":true,"href":"https:\/\/etts.cz\/de\/wp-json\/wp\/v2\/comments?post=130"}],"version-history":[{"count":3,"href":"https:\/\/etts.cz\/de\/wp-json\/wp\/v2\/pages\/130\/revisions"}],"predecessor-version":[{"id":153,"href":"https:\/\/etts.cz\/de\/wp-json\/wp\/v2\/pages\/130\/revisions\/153"}],"wp:attachment":[{"href":"https:\/\/etts.cz\/de\/wp-json\/wp\/v2\/media?parent=130"}],"curies":[{"name":"wp","href":"https:\/\/api.w.org\/{rel}","templated":true}]}}