{"id":135,"date":"2021-11-12T10:12:54","date_gmt":"2021-11-12T09:12:54","guid":{"rendered":"https:\/\/etts.cz\/?page_id=135"},"modified":"2021-11-12T10:12:54","modified_gmt":"2021-11-12T09:12:54","slug":"serviceleistungen-rund-ums-triebfahrzeug-und-tfz-ueberwachung","status":"publish","type":"page","link":"https:\/\/etts.cz\/de\/serviceleistungen-rund-ums-triebfahrzeug-und-tfz-ueberwachung\/","title":{"rendered":"Serviceleistungen rund ums Triebfahrzeug und TFZ &#8211; \u00dcberwachung"},"content":{"rendered":"<h1>Serviceleistungen rund ums Triebfahrzeug und TFZ &#8211; \u00dcberwachung<\/h1>\n<p>Wir tragen Sorge daf\u00fcr, dass Ihre Schienenfahrzeuge in Ordnung sind, allen Normen entsprechen sowie alle erforderlichen Zertifikate haben.<\/p>\n<p>Wir k\u00f6nnen auf eine langj\u00e4hrige Praxis zur\u00fcckblicken, wir sind keine Theoretiker, sondern echte Praktiker. Wenn Sie uns also Ihr Tfz anvertrauen, gilt die garantierte Qualit\u00e4t als sicher.<\/p>\n<p>In Verbindung mit unserem Versicherungsmakler sind wir im Stande, Ihre Versicherungsvertr\u00e4ge zu pr\u00fcfen und zu optimieren, die gesetzliche Kasko- und Maschinenversicherung der Schienenfahrzeuge zu besorgen.<\/p>\n<p>Wenn Sie also Ihr Tfz in unsere H\u00e4nde anvertrauen, besteht an der Qualit\u00e4t kein Zweifel \u2013 wir leisten daf\u00fcr Gew\u00e4hr!<\/p>\n<p>F\u00fcr <strong>Arbeiten \/ neue Teile<\/strong> wird\u00a06 \/ 24 Monate Gew\u00e4hr geleistet.<\/p>\n<p>Wir sind bem\u00fcht, Ihnen m\u00f6glichst in allen Hinsichten entgegenzukommen und Ihnen einen <strong>vollst\u00e4ndigen<\/strong> und l\u00fcckenlosen Service rund um die Triebfahrzeuge anzubieten. Gleichzeitig verfolgen wir das Ziel, das ECM-Zertifikat zu erlangen, wir werden also zu einem f\u00fcr die Instandhaltung der Schienenfahrzeuge verantwortlichen Subjekt werden.<\/p>\n<p>Im Rahmen des Services f\u00fcr die Triebfahrzeuge bieten wir Beratung, Vorschl\u00e4ge zur Innovation und Modernisierung, Unfalluntersuchung, sachverst\u00e4ndige Stellungnahmen f\u00fcr Versicherungsanstalten (einschlie\u00dflich der Abwicklung von Schadensf\u00e4llen), allseitige Aufsicht \u00fcber Reparaturen sowie deren qualitative Parameter u. \u00c4. an<\/p>\n<p>Sind Sie an solchen Dienstleistungen interessiert? Dann wenden Sie sich an uns.<\/p>\n","protected":false},"excerpt":{"rendered":"<p>Serviceleistungen rund ums Triebfahrzeug und TFZ &#8211; \u00dcberwachung Wir tragen Sorge daf\u00fcr, dass Ihre Schienenfahrzeuge in Ordnung sind, allen Normen entsprechen sowie alle erforderlichen Zertifikate haben. Wir k\u00f6nnen auf eine langj\u00e4hrige Praxis zur\u00fcckblicken, wir sind keine Theoretiker, sondern echte Praktiker. Wenn Sie uns also Ihr Tfz anvertrauen, gilt die garantierte Qualit\u00e4t als sicher. In Verbindung [&hellip;]<\/p>\n","protected":false},"author":1,"featured_media":0,"parent":0,"menu_order":0,"comment_status":"closed","ping_status":"closed","template":"","meta":{"footnotes":""},"class_list":["post-135","page","type-page","status-publish","hentry"],"_links":{"self":[{"href":"https:\/\/etts.cz\/de\/wp-json\/wp\/v2\/pages\/135","targetHints":{"allow":["GET"]}}],"collection":[{"href":"https:\/\/etts.cz\/de\/wp-json\/wp\/v2\/pages"}],"about":[{"href":"https:\/\/etts.cz\/de\/wp-json\/wp\/v2\/types\/page"}],"author":[{"embeddable":true,"href":"https:\/\/etts.cz\/de\/wp-json\/wp\/v2\/users\/1"}],"replies":[{"embeddable":true,"href":"https:\/\/etts.cz\/de\/wp-json\/wp\/v2\/comments?post=135"}],"version-history":[{"count":1,"href":"https:\/\/etts.cz\/de\/wp-json\/wp\/v2\/pages\/135\/revisions"}],"predecessor-version":[{"id":136,"href":"https:\/\/etts.cz\/de\/wp-json\/wp\/v2\/pages\/135\/revisions\/136"}],"wp:attachment":[{"href":"https:\/\/etts.cz\/de\/wp-json\/wp\/v2\/media?parent=135"}],"curies":[{"name":"wp","href":"https:\/\/api.w.org\/{rel}","templated":true}]}}