{"id":137,"date":"2021-11-12T10:15:51","date_gmt":"2021-11-12T09:15:51","guid":{"rendered":"https:\/\/etts.cz\/?page_id=137"},"modified":"2021-11-12T10:15:51","modified_gmt":"2021-11-12T09:15:51","slug":"lok-und-personalangebot","status":"publish","type":"page","link":"https:\/\/etts.cz\/de\/lok-und-personalangebot\/","title":{"rendered":"Lok &#8211; und Personalangebot"},"content":{"rendered":"<h1>LOK- UND PERSONALANGEBOT<\/h1>\n<p><strong>Brauchen Sie Lokomotiven, Lokf\u00fchrer, Wagenmeister und Rangierbegleiter?<\/strong><\/p>\n<p><strong>Brauchen Sie Aufsicht \u00fcber die Verladung?<\/strong><\/p>\n<p>Versp\u00fcren Sie das Bed\u00fcrfnis, in Realzeit auf neue Gelegenheiten oder unerwartete Ereignisse zu reagieren, doch es gebricht an Triebfahrzeugen und am ausgebildeten Personal?<\/p>\n<p>Bei uns finden Sie Triebfahrzeuge, sowohl mit elektrischem, als auch mit Dieselantrieb, und auch ein Team von f\u00e4higen Lokf\u00fchrern, Wagenmeistern und Rangierern.<\/p>\n<p>Als eine der wenigen Gesellschaften f\u00fchren wir im Angebot\u00a0<strong>die Aufsicht \u00fcber Verladung der G\u00fcter<\/strong>, wobei w\u00e4hrend der ganzen Zeit der Verladung unser Mitarbeiter mit Fachausbildung dabei ist, der die ordnungsgem\u00e4\u00dfe Aufladung beaufsichtigt, damit jeder Wagen in der Folge auch tats\u00e4chlich zur Bef\u00f6rderung \u00fcbernommen werde.<\/p>\n<p>Unsere Mitarbeiter werden jedes Jahr fortgebildet, ihre Kentnisse im Wege der\u00a0 <strong>ETTS- Sicherheits-Zertifizierungspr\u00fcfungen<\/strong> nachgepr\u00fcft. <strong>Das macht uns stark und besonders konkurrenzf\u00e4hig.<\/strong><\/p>\n<p>Sind Sie interessiert? Wir stellen Ihnen gerne sowohl Lokomotiven als auch Mitarbeiter zur Verf\u00fcgung.<\/p>\n<p>F\u00fcr genauere Auskunft wenden Sie sich bitte gef\u00e4lligst an uns.<\/p>\n","protected":false},"excerpt":{"rendered":"<p>LOK- UND PERSONALANGEBOT Brauchen Sie Lokomotiven, Lokf\u00fchrer, Wagenmeister und Rangierbegleiter? Brauchen Sie Aufsicht \u00fcber die Verladung? Versp\u00fcren Sie das Bed\u00fcrfnis, in Realzeit auf neue Gelegenheiten oder unerwartete Ereignisse zu reagieren, doch es gebricht an Triebfahrzeugen und am ausgebildeten Personal? Bei uns finden Sie Triebfahrzeuge, sowohl mit elektrischem, als auch mit Dieselantrieb, und auch ein Team [&hellip;]<\/p>\n","protected":false},"author":1,"featured_media":0,"parent":0,"menu_order":0,"comment_status":"closed","ping_status":"closed","template":"","meta":{"footnotes":""},"class_list":["post-137","page","type-page","status-publish","hentry"],"_links":{"self":[{"href":"https:\/\/etts.cz\/de\/wp-json\/wp\/v2\/pages\/137","targetHints":{"allow":["GET"]}}],"collection":[{"href":"https:\/\/etts.cz\/de\/wp-json\/wp\/v2\/pages"}],"about":[{"href":"https:\/\/etts.cz\/de\/wp-json\/wp\/v2\/types\/page"}],"author":[{"embeddable":true,"href":"https:\/\/etts.cz\/de\/wp-json\/wp\/v2\/users\/1"}],"replies":[{"embeddable":true,"href":"https:\/\/etts.cz\/de\/wp-json\/wp\/v2\/comments?post=137"}],"version-history":[{"count":1,"href":"https:\/\/etts.cz\/de\/wp-json\/wp\/v2\/pages\/137\/revisions"}],"predecessor-version":[{"id":138,"href":"https:\/\/etts.cz\/de\/wp-json\/wp\/v2\/pages\/137\/revisions\/138"}],"wp:attachment":[{"href":"https:\/\/etts.cz\/de\/wp-json\/wp\/v2\/media?parent=137"}],"curies":[{"name":"wp","href":"https:\/\/api.w.org\/{rel}","templated":true}]}}