{"id":139,"date":"2021-11-12T10:17:20","date_gmt":"2021-11-12T09:17:20","guid":{"rendered":"https:\/\/etts.cz\/?page_id=139"},"modified":"2021-11-12T10:17:20","modified_gmt":"2021-11-12T09:17:20","slug":"wer-sind-wir","status":"publish","type":"page","link":"https:\/\/etts.cz\/de\/wer-sind-wir\/","title":{"rendered":"Wer sind wir?"},"content":{"rendered":"<h1>WIR STELLEN UNS VOR<\/h1>\n<p>Die Gesellschaft\u00a0<strong>European Train Transport and Service s.r.o.,<\/strong> kurz ETTS, wurde 2020 mit dem Ziel, im Bahnsektor, insbesondere im G\u00fcterverkehr, innovative Leistungen in Spitzenqualit\u00e4t anzubieten, ins Leben gerufen.<\/p>\n<p>2021 traten wir dem Internationalen Eisenbahnverband UIC und dem Allgemeinen G\u00fcterwagen-Verwendungsvertrag AVV bei.<\/p>\n<p>Die Eisenbahn ist das, was uns Spa\u00df macht und dank der Begeisterung, des Enthusiasmus und auch des unerl\u00e4sslichen Fachwissens arbeiten wir an Projekten, die mit diesem Fachgebiet nicht nur gebietsm\u00e4\u00dfig, sondern auch in allen anderen Hinsichten im Zusammenhang stehen.<\/p>\n<p>Wir zielen vor allem auf zufriedene Kunden und stabile Gesch\u00e4ftspartner, denen wir dank unserer Dienstleistungen und Beratung zum Wachstum verhelfen k\u00f6nnen.\u00a0<strong>Deren Wachstum hei\u00dft ebenfalls unser Wachstum.<\/strong><\/p>\n<p>Wir verrichten unsere Arbeit restlos, mit hochwertigem Service sowie innovativen L\u00f6sungen.<\/p>\n<p><strong>Innovation bringt Fortschritt und weitere Entwicklung \u2026<\/strong><\/p>\n","protected":false},"excerpt":{"rendered":"<p>WIR STELLEN UNS VOR Die Gesellschaft\u00a0European Train Transport and Service s.r.o., kurz ETTS, wurde 2020 mit dem Ziel, im Bahnsektor, insbesondere im G\u00fcterverkehr, innovative Leistungen in Spitzenqualit\u00e4t anzubieten, ins Leben gerufen. 2021 traten wir dem Internationalen Eisenbahnverband UIC und dem Allgemeinen G\u00fcterwagen-Verwendungsvertrag AVV bei. Die Eisenbahn ist das, was uns Spa\u00df macht und dank der [&hellip;]<\/p>\n","protected":false},"author":1,"featured_media":0,"parent":0,"menu_order":0,"comment_status":"closed","ping_status":"closed","template":"","meta":{"footnotes":""},"class_list":["post-139","page","type-page","status-publish","hentry"],"_links":{"self":[{"href":"https:\/\/etts.cz\/de\/wp-json\/wp\/v2\/pages\/139","targetHints":{"allow":["GET"]}}],"collection":[{"href":"https:\/\/etts.cz\/de\/wp-json\/wp\/v2\/pages"}],"about":[{"href":"https:\/\/etts.cz\/de\/wp-json\/wp\/v2\/types\/page"}],"author":[{"embeddable":true,"href":"https:\/\/etts.cz\/de\/wp-json\/wp\/v2\/users\/1"}],"replies":[{"embeddable":true,"href":"https:\/\/etts.cz\/de\/wp-json\/wp\/v2\/comments?post=139"}],"version-history":[{"count":1,"href":"https:\/\/etts.cz\/de\/wp-json\/wp\/v2\/pages\/139\/revisions"}],"predecessor-version":[{"id":140,"href":"https:\/\/etts.cz\/de\/wp-json\/wp\/v2\/pages\/139\/revisions\/140"}],"wp:attachment":[{"href":"https:\/\/etts.cz\/de\/wp-json\/wp\/v2\/media?parent=139"}],"curies":[{"name":"wp","href":"https:\/\/api.w.org\/{rel}","templated":true}]}}