{"id":155,"date":"2021-11-12T10:48:05","date_gmt":"2021-11-12T09:48:05","guid":{"rendered":"https:\/\/etts.cz\/?page_id=155"},"modified":"2021-11-12T10:54:01","modified_gmt":"2021-11-12T09:54:01","slug":"webkarte","status":"publish","type":"page","link":"https:\/\/etts.cz\/de\/webkarte\/","title":{"rendered":"Webkarte"},"content":{"rendered":"<h1>Webkarte<\/h1>\n<div class=\"aioseo-html-sitemap\"><style>.aioseo-html-sitemap.labels-hidden ul { margin: 0; }<\/style><div class=\"aioseo-html-page-sitemap\"><h4>Seiten<\/h4><ul><li><a href=\"https:\/\/etts.cz\/o-nas\/\" >O n\u00e1s (8. 10. 2021)<\/a><\/li><li><a href=\"https:\/\/etts.cz\/kontakt\/\" >Kontakt (19. 10. 2021)<\/a><\/li><li><a href=\"https:\/\/etts.cz\/nakladni-doprava\/\" >N\u00e1kladn\u00ed doprava (19. 10. 2021)<\/a><\/li><li><a href=\"https:\/\/etts.cz\/provozovani-vlecek\/\" >Provozov\u00e1n\u00ed vle\u010dek (19. 10. 2021)<\/a><\/li><li><a href=\"https:\/\/etts.cz\/poradenstvi-legislativa\/\" >Poradenstv\u00ed Legislativa (19. 10. 2021)<\/a><\/li><li><a href=\"https:\/\/etts.cz\/servis-vozidel-ecm\/\" >Servis vozidel ECM (19. 10. 2021)<\/a><\/li><li><a href=\"https:\/\/etts.cz\/locopool-perspool\/\" >LOCOPOOL PERSPOOL (19. 10. 2021)<\/a><\/li><li><a href=\"https:\/\/etts.cz\/uvod\/\" >\u00davod (19. 10. 2021)<\/a><\/li><li><a href=\"https:\/\/etts.cz\/politika-ochrany-osobnich-udaju\/\" >Politika ochrany osobn\u00edch \u00fadaj\u016f (2. 11. 2021)<\/a><\/li><li><a href=\"https:\/\/etts.cz\/mapa-webu\/\" >Mapa webu (2. 11. 2021)<\/a><\/li><li><a href=\"https:\/\/etts.cz\/de\/guetertransporte\/\" >G\u00dcTERTRANSPORTE (12. 11. 2021)<\/a><\/li><li><a href=\"https:\/\/etts.cz\/de\/betreiben-von-anschlussbahnen\/\" >Betreiben von Anschlussbahnen (12. 11. 2021)<\/a><\/li><li><a href=\"https:\/\/etts.cz\/de\/beratung-regelwerk-und-rechtsvorschriften\/\" >Beratung, Regelwerk und Rechtsvorschriften (12. 11. 2021)<\/a><\/li><li><a href=\"https:\/\/etts.cz\/de\/serviceleistungen-rund-ums-triebfahrzeug-und-tfz-ueberwachung\/\" >Serviceleistungen rund ums Triebfahrzeug und TFZ - \u00dcberwachung (12. 11. 2021)<\/a><\/li><li><a href=\"https:\/\/etts.cz\/de\/lok-und-personalangebot\/\" >Lok - und Personalangebot (12. 11. 2021)<\/a><\/li><li><a href=\"https:\/\/etts.cz\/de\/wer-sind-wir\/\" >Wer sind wir? (12. 11. 2021)<\/a><\/li><li><a href=\"https:\/\/etts.cz\/de\/kontakt\/\" >Kontakt (12. 11. 2021)<\/a><\/li><li><a href=\"https:\/\/etts.cz\/de\/\" >Home (12. 11. 2021)<\/a><\/li><li><a href=\"https:\/\/etts.cz\/de\/webkarte\/\" >Webkarte (12. 11. 2021)<\/a><\/li><li><a href=\"https:\/\/etts.cz\/de\/gdpr\/\" >GDPR (12. 11. 2021)<\/a><\/li><\/ul><\/div><br \/><\/div>\n","protected":false},"excerpt":{"rendered":"<p>Webkarte<\/p>\n","protected":false},"author":1,"featured_media":0,"parent":0,"menu_order":0,"comment_status":"closed","ping_status":"closed","template":"","meta":{"footnotes":""},"class_list":["post-155","page","type-page","status-publish","hentry"],"_links":{"self":[{"href":"https:\/\/etts.cz\/de\/wp-json\/wp\/v2\/pages\/155","targetHints":{"allow":["GET"]}}],"collection":[{"href":"https:\/\/etts.cz\/de\/wp-json\/wp\/v2\/pages"}],"about":[{"href":"https:\/\/etts.cz\/de\/wp-json\/wp\/v2\/types\/page"}],"author":[{"embeddable":true,"href":"https:\/\/etts.cz\/de\/wp-json\/wp\/v2\/users\/1"}],"replies":[{"embeddable":true,"href":"https:\/\/etts.cz\/de\/wp-json\/wp\/v2\/comments?post=155"}],"version-history":[{"count":2,"href":"https:\/\/etts.cz\/de\/wp-json\/wp\/v2\/pages\/155\/revisions"}],"predecessor-version":[{"id":161,"href":"https:\/\/etts.cz\/de\/wp-json\/wp\/v2\/pages\/155\/revisions\/161"}],"wp:attachment":[{"href":"https:\/\/etts.cz\/de\/wp-json\/wp\/v2\/media?parent=155"}],"curies":[{"name":"wp","href":"https:\/\/api.w.org\/{rel}","templated":true}]}}